{"id":9,"date":"2024-08-28T04:53:28","date_gmt":"2024-08-28T02:53:28","guid":{"rendered":"http:\/\/hummingbirdactivity.com\/?page_id=9"},"modified":"2025-01-01T14:36:19","modified_gmt":"2025-01-01T13:36:19","slug":"elementor-9","status":"publish","type":"page","link":"https:\/\/hummingbirdactivity.com\/index.php\/elementor-9\/","title":{"rendered":"Formulaire de contact"},"content":{"rendered":"\t\t<div data-elementor-type=\"wp-post\" data-elementor-id=\"9\" class=\"elementor elementor-9\">\n\t\t\t\t<div class=\"elementor-element elementor-element-417fb15 e-flex e-con-boxed e-con e-parent\" data-id=\"417fb15\" data-element_type=\"container\">\n\t\t\t\t\t<div class=\"e-con-inner\">\n\t\t\t\t<div class=\"elementor-element elementor-element-808b565 elementor-widget elementor-widget-image\" data-id=\"808b565\" data-element_type=\"widget\" data-widget_type=\"image.default\">\n\t\t\t\t<div class=\"elementor-widget-container\">\n\t\t\t\t\t\t\t\t\t\t\t\t\t\t\t<img fetchpriority=\"high\" decoding=\"async\" width=\"768\" height=\"432\" src=\"https:\/\/hummingbirdactivity.com\/wp-content\/uploads\/2025\/01\/g6b392cd26faf2a86ee22c87f510c0593b315412e3f7a0ca92e026abb4a2f67848d2cca246729b8dc3605532495fe3fc3e3ce332f9b388cd27691735c4b87f606_1280-3104355-768x432.jpg\" class=\"attachment-medium_large size-medium_large wp-image-347\" alt=\"lightbulb, idea, creativity\" srcset=\"https:\/\/hummingbirdactivity.com\/wp-content\/uploads\/2025\/01\/g6b392cd26faf2a86ee22c87f510c0593b315412e3f7a0ca92e026abb4a2f67848d2cca246729b8dc3605532495fe3fc3e3ce332f9b388cd27691735c4b87f606_1280-3104355-768x432.jpg 768w, https:\/\/hummingbirdactivity.com\/wp-content\/uploads\/2025\/01\/g6b392cd26faf2a86ee22c87f510c0593b315412e3f7a0ca92e026abb4a2f67848d2cca246729b8dc3605532495fe3fc3e3ce332f9b388cd27691735c4b87f606_1280-3104355-300x169.jpg 300w, https:\/\/hummingbirdactivity.com\/wp-content\/uploads\/2025\/01\/g6b392cd26faf2a86ee22c87f510c0593b315412e3f7a0ca92e026abb4a2f67848d2cca246729b8dc3605532495fe3fc3e3ce332f9b388cd27691735c4b87f606_1280-3104355-1024x576.jpg 1024w, https:\/\/hummingbirdactivity.com\/wp-content\/uploads\/2025\/01\/g6b392cd26faf2a86ee22c87f510c0593b315412e3f7a0ca92e026abb4a2f67848d2cca246729b8dc3605532495fe3fc3e3ce332f9b388cd27691735c4b87f606_1280-3104355.jpg 1280w\" sizes=\"(max-width: 768px) 100vw, 768px\" \/>\t\t\t\t\t\t\t\t\t\t\t\t\t\t\t<\/div>\n\t\t\t\t<\/div>\n\t\t\t\t<div class=\"elementor-element elementor-element-0fadb8a elementor-widget elementor-widget-wpforms\" data-id=\"0fadb8a\" data-element_type=\"widget\" data-widget_type=\"wpforms.default\">\n\t\t\t\t<div class=\"elementor-widget-container\">\n\t\t\t\t\t<div class=\"wpforms-container wpforms-container-full wpforms-render-modern\" id=\"wpforms-33\"><form id=\"wpforms-form-33\" class=\"wpforms-validate wpforms-form\" data-formid=\"33\" method=\"post\" enctype=\"multipart\/form-data\" action=\"\/index.php\/wp-json\/wp\/v2\/pages\/9\" data-token=\"721de78a9d4a20b9fa1e7b8457318950\" data-token-time=\"1778066636\"><noscript class=\"wpforms-error-noscript\">Veuillez activer JavaScript dans votre navigateur pour remplir ce formulaire.<\/noscript><div id=\"wpforms-error-noscript\" style=\"display: none;\">Veuillez activer JavaScript dans votre navigateur pour remplir ce formulaire.<\/div><div class=\"wpforms-field-container\"><div id=\"wpforms-33-field_0-container\" class=\"wpforms-field wpforms-field-name wpforms-one-half wpforms-first\" data-field-id=\"0\"><fieldset><legend class=\"wpforms-field-label\">Nom <span class=\"wpforms-required-label\" aria-hidden=\"true\">*<\/span><\/legend><div class=\"wpforms-field-row wpforms-field-large\"><div class=\"wpforms-field-row-block wpforms-first wpforms-one-half\"><input type=\"text\" id=\"wpforms-33-field_0\" class=\"wpforms-field-name-first wpforms-field-required\" name=\"wpforms[fields][0][first]\" aria-errormessage=\"wpforms-33-field_0-error\" required><label for=\"wpforms-33-field_0\" class=\"wpforms-field-sublabel after\">Pr\u00e9nom<\/label><\/div><div class=\"wpforms-field-row-block wpforms-one-half\"><input type=\"text\" id=\"wpforms-33-field_0-last\" class=\"wpforms-field-name-last wpforms-field-required\" name=\"wpforms[fields][0][last]\" aria-errormessage=\"wpforms-33-field_0-last-error\" required><label for=\"wpforms-33-field_0-last\" class=\"wpforms-field-sublabel after\">Nom<\/label><\/div><\/div><\/fieldset><\/div><div id=\"wpforms-33-field_3-container\" class=\"wpforms-field wpforms-field-email wpforms-one-half\" data-field-id=\"3\"><label class=\"wpforms-field-label\" for=\"wpforms-33-field_3\">Email <span class=\"wpforms-required-label\" aria-hidden=\"true\">*<\/span><\/label><input type=\"email\" id=\"wpforms-33-field_3\" class=\"wpforms-field-large wpforms-field-required\" name=\"wpforms[fields][3]\" spellcheck=\"false\" aria-errormessage=\"wpforms-33-field_3-error\" required><\/div><div id=\"wpforms-33-field_11-container\" class=\"wpforms-field wpforms-field-select wpforms-field-select-style-classic\" data-field-id=\"11\"><label class=\"wpforms-field-label\" for=\"wpforms-33-field_11\">indicatif<\/label><select id=\"wpforms-33-field_11\" class=\"wpforms-field-medium\" name=\"wpforms[fields][11]\"><option value=\"+596 Martinique\"  class=\"choice-2 depth-1\"  >+596 Martinique<\/option><option value=\"+594 Guyane\"  class=\"choice-3 depth-1\"  >+594 Guyane<\/option><option value=\"+590 Guadeloupe\"  class=\"choice-4 depth-1\"  >+590 Guadeloupe<\/option><option value=\"+33 France\"  class=\"choice-1 depth-1\"  >+33 France<\/option><\/select><\/div>\t\t<div id=\"wpforms-33-field_1-container\"\n\t\t\tclass=\"wpforms-field wpforms-field-text\"\n\t\t\tdata-field-type=\"text\"\n\t\t\tdata-field-id=\"1\"\n\t\t\t>\n\t\t\t<label class=\"wpforms-field-label\" for=\"wpforms-33-field_1\" >de de quelques<\/label>\n\t\t\t<input type=\"text\" id=\"wpforms-33-field_1\" class=\"wpforms-field-medium\" name=\"wpforms[fields][1]\" >\n\t\t<\/div>\n\t\t<div id=\"wpforms-33-field_9-container\" class=\"wpforms-field wpforms-field-text\" data-field-id=\"9\"><label class=\"wpforms-field-label\" for=\"wpforms-33-field_9\">Num\u00e9ro de t\u00e9l\u00e9phone<\/label><input type=\"text\" id=\"wpforms-33-field_9\" class=\"wpforms-field-medium wpforms-limit-characters-enabled\" data-form-id=\"33\" data-field-id=\"9\" data-text-limit=\"10\" name=\"wpforms[fields][9]\" placeholder=\"060504030201\" aria-errormessage=\"wpforms-33-field_9-error\" maxlength=\"10\" ><\/div><div id=\"wpforms-33-field_2-container\" class=\"wpforms-field wpforms-field-textarea\" data-field-id=\"2\"><label class=\"wpforms-field-label\" for=\"wpforms-33-field_2\">Contexte de votre projet en quelques mots <span class=\"wpforms-required-label\" aria-hidden=\"true\">*<\/span><\/label><textarea id=\"wpforms-33-field_2\" class=\"wpforms-field-medium wpforms-field-required\" name=\"wpforms[fields][2]\" placeholder=\"Votre projet est unique et vous en \u00eates le seul ma\u00eetre car votre vision reste irrempla\u00e7able\" aria-errormessage=\"wpforms-33-field_2-error\" aria-describedby=\"wpforms-33-field_2-description\" required><\/textarea><div id=\"wpforms-33-field_2-description\" class=\"wpforms-field-description\">Tout comportement raciste, violent ou discriminatoire est strictement interdit, conform\u00e9ment aux lois en vigueur, l'article 225-1 du Code p\u00e9nal interdisant les discriminations et l'article R.624-4 sanctionnant les injures \u00e0 caract\u00e8re raciste ou discriminatoire. De tels actes entra\u00eeneront des sanctions imm\u00e9diates et adapt\u00e9es.<\/div><\/div><div id=\"wpforms-33-field_8-container\" class=\"wpforms-field wpforms-field-checkbox\" data-field-id=\"8\"><fieldset><legend class=\"wpforms-field-label\">Pr\u00e9f\u00e9rence de contact<\/legend><ul id=\"wpforms-33-field_8\"><li class=\"choice-1 depth-1\"><input type=\"checkbox\" id=\"wpforms-33-field_8_1\" name=\"wpforms[fields][8][]\" value=\"Matin :           9h - 12h\" aria-errormessage=\"wpforms-33-field_8_1-error\"  ><label class=\"wpforms-field-label-inline\" for=\"wpforms-33-field_8_1\">Matin :           9h - 12h<\/label><\/li><li class=\"choice-2 depth-1\"><input type=\"checkbox\" id=\"wpforms-33-field_8_2\" name=\"wpforms[fields][8][]\" value=\"Apr\u00e8s-midi : 12h-17h\" aria-errormessage=\"wpforms-33-field_8_2-error\"  ><label class=\"wpforms-field-label-inline\" for=\"wpforms-33-field_8_2\">Apr\u00e8s-midi : 12h-17h<\/label><\/li><li class=\"choice-3 depth-1\"><input type=\"checkbox\" id=\"wpforms-33-field_8_3\" name=\"wpforms[fields][8][]\" value=\"Soir :             17h-19h\" aria-errormessage=\"wpforms-33-field_8_3-error\"  ><label class=\"wpforms-field-label-inline\" for=\"wpforms-33-field_8_3\">Soir :             17h-19h<\/label><\/li><\/ul><\/fieldset><\/div><script>\n\t\t\t\t( function() {\n\t\t\t\t\tconst style = document.createElement( 'style' );\n\t\t\t\t\tstyle.appendChild( document.createTextNode( '#wpforms-33-field_1-container { position: absolute !important; overflow: hidden !important; display: inline !important; height: 1px !important; width: 1px !important; z-index: -1000 !important; padding: 0 !important; } #wpforms-33-field_1-container input { visibility: hidden; } #wpforms-conversational-form-page #wpforms-33-field_1-container label { counter-increment: none; }' ) );\n\t\t\t\t\tdocument.head.appendChild( style );\n\t\t\t\t\tdocument.currentScript?.remove();\n\t\t\t\t} )();\n\t\t\t<\/script><\/div><!-- .wpforms-field-container --><div class=\"wpforms-submit-container\" ><input type=\"hidden\" name=\"wpforms[id]\" value=\"33\"><input type=\"hidden\" name=\"page_title\" value=\"\"><input type=\"hidden\" name=\"page_url\" value=\"https:\/\/hummingbirdactivity.com\/index.php\/wp-json\/wp\/v2\/pages\/9\"><input type=\"hidden\" name=\"url_referer\" value=\"\"><button type=\"submit\" name=\"wpforms[submit]\" id=\"wpforms-submit-33\" class=\"wpforms-submit\" data-alt-text=\"envoi en cours...\" data-submit-text=\"Envoyer\" aria-live=\"assertive\" value=\"wpforms-submit\">Envoyer<\/button><\/div><\/form><\/div>  <!-- .wpforms-container -->\t\t\t\t<\/div>\n\t\t\t\t<\/div>\n\t\t\t\t\t<\/div>\n\t\t\t\t<\/div>\n\t\t\t\t<\/div>\n\t\t","protected":false},"excerpt":{"rendered":"<p>Veuillez activer JavaScript dans votre navigateur pour remplir ce formulaire.Veuillez activer JavaScript dans votre navigateur pour remplir ce formulaire. Nom [&hellip;]<\/p>\n","protected":false},"author":1,"featured_media":0,"parent":0,"menu_order":0,"comment_status":"closed","ping_status":"closed","template":"","meta":{"site-sidebar-layout":"no-sidebar","site-content-layout":"","ast-site-content-layout":"full-width-container","site-content-style":"default","site-sidebar-style":"default","ast-global-header-display":"","ast-banner-title-visibility":"","ast-main-header-display":"","ast-hfb-above-header-display":"","ast-hfb-below-header-display":"","ast-hfb-mobile-header-display":"","site-post-title":"disabled","ast-breadcrumbs-content":"","ast-featured-img":"disabled","footer-sml-layout":"","theme-transparent-header-meta":"","adv-header-id-meta":"","stick-header-meta":"","header-above-stick-meta":"","header-main-stick-meta":"","header-below-stick-meta":"","astra-migrate-meta-layouts":"default","ast-page-background-enabled":"default","ast-page-background-meta":{"desktop":{"background-color":"var(--ast-global-color-4)","background-image":"","background-repeat":"repeat","background-position":"center center","background-size":"auto","background-attachment":"scroll","background-type":"","background-media":"","overlay-type":"","overlay-color":"","overlay-opacity":"","overlay-gradient":""},"tablet":{"background-color":"","background-image":"","background-repeat":"repeat","background-position":"center center","background-size":"auto","background-attachment":"scroll","background-type":"","background-media":"","overlay-type":"","overlay-color":"","overlay-opacity":"","overlay-gradient":""},"mobile":{"background-color":"","background-image":"","background-repeat":"repeat","background-position":"center center","background-size":"auto","background-attachment":"scroll","background-type":"","background-media":"","overlay-type":"","overlay-color":"","overlay-opacity":"","overlay-gradient":""}},"ast-content-background-meta":{"desktop":{"background-color":"var(--ast-global-color-5)","background-image":"","background-repeat":"repeat","background-position":"center center","background-size":"auto","background-attachment":"scroll","background-type":"","background-media":"","overlay-type":"","overlay-color":"","overlay-opacity":"","overlay-gradient":""},"tablet":{"background-color":"var(--ast-global-color-5)","background-image":"","background-repeat":"repeat","background-position":"center center","background-size":"auto","background-attachment":"scroll","background-type":"","background-media":"","overlay-type":"","overlay-color":"","overlay-opacity":"","overlay-gradient":""},"mobile":{"background-color":"var(--ast-global-color-5)","background-image":"","background-repeat":"repeat","background-position":"center center","background-size":"auto","background-attachment":"scroll","background-type":"","background-media":"","overlay-type":"","overlay-color":"","overlay-opacity":"","overlay-gradient":""}},"footnotes":""},"class_list":["post-9","page","type-page","status-publish","hentry"],"_links":{"self":[{"href":"https:\/\/hummingbirdactivity.com\/index.php\/wp-json\/wp\/v2\/pages\/9","targetHints":{"allow":["GET"]}}],"collection":[{"href":"https:\/\/hummingbirdactivity.com\/index.php\/wp-json\/wp\/v2\/pages"}],"about":[{"href":"https:\/\/hummingbirdactivity.com\/index.php\/wp-json\/wp\/v2\/types\/page"}],"author":[{"embeddable":true,"href":"https:\/\/hummingbirdactivity.com\/index.php\/wp-json\/wp\/v2\/users\/1"}],"replies":[{"embeddable":true,"href":"https:\/\/hummingbirdactivity.com\/index.php\/wp-json\/wp\/v2\/comments?post=9"}],"version-history":[{"count":7,"href":"https:\/\/hummingbirdactivity.com\/index.php\/wp-json\/wp\/v2\/pages\/9\/revisions"}],"predecessor-version":[{"id":350,"href":"https:\/\/hummingbirdactivity.com\/index.php\/wp-json\/wp\/v2\/pages\/9\/revisions\/350"}],"wp:attachment":[{"href":"https:\/\/hummingbirdactivity.com\/index.php\/wp-json\/wp\/v2\/media?parent=9"}],"curies":[{"name":"wp","href":"https:\/\/api.w.org\/{rel}","templated":true}]}}