{"id":137,"date":"2024-12-14T14:08:55","date_gmt":"2024-12-14T13:08:55","guid":{"rendered":"https:\/\/hummingbirdactivity.com\/?page_id=137"},"modified":"2026-01-12T01:03:45","modified_gmt":"2026-01-12T00:03:45","slug":"accueil","status":"publish","type":"page","link":"https:\/\/hummingbirdactivity.com\/","title":{"rendered":"Accueil"},"content":{"rendered":"\t\t<div data-elementor-type=\"wp-page\" data-elementor-id=\"137\" class=\"elementor elementor-137\">\n\t\t\t\t<div class=\"elementor-element elementor-element-1e9a364 e-flex e-con-boxed e-con e-parent\" data-id=\"1e9a364\" data-element_type=\"container\" data-settings=\"{&quot;background_background&quot;:&quot;classic&quot;}\">\n\t\t\t\t\t<div class=\"e-con-inner\">\n\t\t\t\t<div class=\"elementor-element elementor-element-a57389e elementor-widget elementor-widget-heading\" data-id=\"a57389e\" data-element_type=\"widget\" data-widget_type=\"heading.default\">\n\t\t\t\t<div class=\"elementor-widget-container\">\n\t\t\t\t\t<h1 class=\"elementor-heading-title elementor-size-default\">L'agilit\u00e9 pour des projets innovants<\/h1>\t\t\t\t<\/div>\n\t\t\t\t<\/div>\n\t\t\t\t\t<\/div>\n\t\t\t\t<\/div>\n\t\t<div class=\"elementor-element elementor-element-462644c e-con-full e-grid e-con e-parent\" data-id=\"462644c\" data-element_type=\"container\" data-settings=\"{&quot;background_background&quot;:&quot;classic&quot;}\">\n\t\t\t\t<div class=\"elementor-element elementor-element-e6679c5 elementor-widget elementor-widget-image\" data-id=\"e6679c5\" data-element_type=\"widget\" data-widget_type=\"image.default\">\n\t\t\t\t<div class=\"elementor-widget-container\">\n\t\t\t\t\t\t\t\t\t\t\t\t\t\t\t<img fetchpriority=\"high\" decoding=\"async\" width=\"1000\" height=\"1000\" src=\"https:\/\/hummingbirdactivity.com\/wp-content\/uploads\/2024\/12\/5.png\" class=\"attachment-large size-large wp-image-46\" alt=\"\" srcset=\"https:\/\/hummingbirdactivity.com\/wp-content\/uploads\/2024\/12\/5.png 1000w, https:\/\/hummingbirdactivity.com\/wp-content\/uploads\/2024\/12\/5-300x300.png 300w, https:\/\/hummingbirdactivity.com\/wp-content\/uploads\/2024\/12\/5-150x150.png 150w, https:\/\/hummingbirdactivity.com\/wp-content\/uploads\/2024\/12\/5-768x768.png 768w\" sizes=\"(max-width: 1000px) 100vw, 1000px\" \/>\t\t\t\t\t\t\t\t\t\t\t\t\t\t\t<\/div>\n\t\t\t\t<\/div>\n\t\t<div class=\"elementor-element elementor-element-6314018 e-flex e-con-boxed e-con e-child\" data-id=\"6314018\" data-element_type=\"container\">\n\t\t\t\t\t<div class=\"e-con-inner\">\n\t\t\t\t<div class=\"elementor-element elementor-element-b6630c0 elementor-widget elementor-widget-text-editor\" data-id=\"b6630c0\" data-element_type=\"widget\" data-widget_type=\"text-editor.default\">\n\t\t\t\t<div class=\"elementor-widget-container\">\n\t\t\t\t\t\t\t\t\t<p data-start=\"441\" data-end=\"682\"><strong data-start=\"441\" data-end=\"561\">Hummingbird Activity est le partenaire de confiance des entrepreneurs, ind\u00e9pendants et porteurs de projets digitaux.<\/strong><br data-start=\"561\" data-end=\"564\" \/>Nous accompagnons celles et ceux qui souhaitent transformer leurs id\u00e9es en sites web clairs, efficaces et accessibles.<\/p><p data-start=\"684\" data-end=\"992\">Que vous soyez au stade de la r\u00e9flexion ou pr\u00eat \u00e0 lancer votre projet, nous vous guidons pas \u00e0 pas dans la cr\u00e9ation de votre pr\u00e9sence en ligne.<br data-start=\"827\" data-end=\"830\" \/>Gr\u00e2ce \u00e0 une approche humaine, structur\u00e9e et sur mesure, nous concevons des sites simples, modernes et \u00e9volutifs, adapt\u00e9s aux besoins r\u00e9els des petites structures.<\/p>\t\t\t\t\t\t\t\t<\/div>\n\t\t\t\t<\/div>\n\t\t\t\t<div class=\"elementor-element elementor-element-68aadd0 elementor-align-center elementor-widget elementor-widget-button\" data-id=\"68aadd0\" data-element_type=\"widget\" data-widget_type=\"button.default\">\n\t\t\t\t<div class=\"elementor-widget-container\">\n\t\t\t\t\t\t\t\t\t<div class=\"elementor-button-wrapper\">\n\t\t\t\t\t<a class=\"elementor-button elementor-button-link elementor-size-sm elementor-animation-shrink\" href=\"https:\/\/hummingbirdactivity.com\/index.php\/elementor-9\/\">\n\t\t\t\t\t\t<span class=\"elementor-button-content-wrapper\">\n\t\t\t\t\t\t\t\t\t<span class=\"elementor-button-text\">Contactez-Nous<\/span>\n\t\t\t\t\t<\/span>\n\t\t\t\t\t<\/a>\n\t\t\t\t<\/div>\n\t\t\t\t\t\t\t\t<\/div>\n\t\t\t\t<\/div>\n\t\t\t\t\t<\/div>\n\t\t\t\t<\/div>\n\t\t\t\t<\/div>\n\t\t<div class=\"elementor-element elementor-element-e82f1c8 e-flex e-con-boxed e-con e-parent\" data-id=\"e82f1c8\" data-element_type=\"container\">\n\t\t\t\t\t<div class=\"e-con-inner\">\n\t\t\t\t\t<\/div>\n\t\t\t\t<\/div>\n\t\t<div class=\"elementor-element elementor-element-2330f8b e-con-full e-grid elementor-invisible e-con e-parent\" data-id=\"2330f8b\" data-element_type=\"container\" data-settings=\"{&quot;animation&quot;:&quot;fadeInUp&quot;}\">\n\t\t<div class=\"elementor-element elementor-element-12bdc6d e-flex e-con-boxed e-con e-child\" data-id=\"12bdc6d\" data-element_type=\"container\">\n\t\t\t\t\t<div class=\"e-con-inner\">\n\t\t\t\t<div class=\"elementor-element elementor-element-849266f elementor-widget elementor-widget-image\" data-id=\"849266f\" data-element_type=\"widget\" data-settings=\"{&quot;_animation&quot;:&quot;none&quot;}\" data-widget_type=\"image.default\">\n\t\t\t\t<div class=\"elementor-widget-container\">\n\t\t\t\t\t\t\t\t\t\t\t\t\t\t\t\t<a href=\"https:\/\/hummingbirdactivity.com\/index.php\/etude-de-projets\/\">\n\t\t\t\t\t\t\t<img decoding=\"async\" width=\"768\" height=\"768\" src=\"https:\/\/hummingbirdactivity.com\/wp-content\/uploads\/2024\/12\/1-768x768.png\" class=\"elementor-animation-shrink attachment-medium_large size-medium_large wp-image-47\" alt=\"\" srcset=\"https:\/\/hummingbirdactivity.com\/wp-content\/uploads\/2024\/12\/1-768x768.png 768w, https:\/\/hummingbirdactivity.com\/wp-content\/uploads\/2024\/12\/1-300x300.png 300w, https:\/\/hummingbirdactivity.com\/wp-content\/uploads\/2024\/12\/1-150x150.png 150w, https:\/\/hummingbirdactivity.com\/wp-content\/uploads\/2024\/12\/1.png 1000w\" sizes=\"(max-width: 768px) 100vw, 768px\" \/>\t\t\t\t\t\t\t\t<\/a>\n\t\t\t\t\t\t\t\t\t\t\t\t\t\t\t<\/div>\n\t\t\t\t<\/div>\n\t\t\t\t\t<\/div>\n\t\t\t\t<\/div>\n\t\t<div class=\"elementor-element elementor-element-144b672 e-flex e-con-boxed e-con e-child\" data-id=\"144b672\" data-element_type=\"container\">\n\t\t\t\t\t<div class=\"e-con-inner\">\n\t\t\t\t<div class=\"elementor-element elementor-element-62d2214 elementor-widget elementor-widget-image\" data-id=\"62d2214\" data-element_type=\"widget\" data-settings=\"{&quot;_animation&quot;:&quot;none&quot;}\" data-widget_type=\"image.default\">\n\t\t\t\t<div class=\"elementor-widget-container\">\n\t\t\t\t\t\t\t\t\t\t\t\t\t\t\t\t<a href=\"https:\/\/hummingbirdactivity.com\/index.php\/solutions-digitales\/\">\n\t\t\t\t\t\t\t<img decoding=\"async\" width=\"768\" height=\"768\" src=\"https:\/\/hummingbirdactivity.com\/wp-content\/uploads\/2024\/12\/2-768x768.png\" class=\"elementor-animation-shrink attachment-medium_large size-medium_large wp-image-48\" alt=\"\" srcset=\"https:\/\/hummingbirdactivity.com\/wp-content\/uploads\/2024\/12\/2-768x768.png 768w, https:\/\/hummingbirdactivity.com\/wp-content\/uploads\/2024\/12\/2-300x300.png 300w, https:\/\/hummingbirdactivity.com\/wp-content\/uploads\/2024\/12\/2-150x150.png 150w, https:\/\/hummingbirdactivity.com\/wp-content\/uploads\/2024\/12\/2.png 1000w\" sizes=\"(max-width: 768px) 100vw, 768px\" \/>\t\t\t\t\t\t\t\t<\/a>\n\t\t\t\t\t\t\t\t\t\t\t\t\t\t\t<\/div>\n\t\t\t\t<\/div>\n\t\t\t\t<div class=\"elementor-element elementor-element-332919c elementor-widget elementor-widget-spacer\" data-id=\"332919c\" data-element_type=\"widget\" data-widget_type=\"spacer.default\">\n\t\t\t\t<div class=\"elementor-widget-container\">\n\t\t\t\t\t\t\t<div class=\"elementor-spacer\">\n\t\t\t<div class=\"elementor-spacer-inner\"><\/div>\n\t\t<\/div>\n\t\t\t\t\t\t<\/div>\n\t\t\t\t<\/div>\n\t\t<div class=\"elementor-element elementor-element-60277fa e-con-full e-flex e-con e-child\" data-id=\"60277fa\" data-element_type=\"container\">\n\t\t\t\t<\/div>\n\t\t\t\t\t<\/div>\n\t\t\t\t<\/div>\n\t\t\t\t<\/div>\n\t\t<div class=\"elementor-element elementor-element-a9e6a2b elementor-hidden-mobile e-flex e-con-boxed e-con e-parent\" data-id=\"a9e6a2b\" data-element_type=\"container\">\n\t\t\t\t\t<div class=\"e-con-inner\">\n\t\t\t\t<div class=\"elementor-element elementor-element-e9ba0b6 elementor-widget elementor-widget-spacer\" data-id=\"e9ba0b6\" data-element_type=\"widget\" data-widget_type=\"spacer.default\">\n\t\t\t\t<div class=\"elementor-widget-container\">\n\t\t\t\t\t\t\t<div class=\"elementor-spacer\">\n\t\t\t<div class=\"elementor-spacer-inner\"><\/div>\n\t\t<\/div>\n\t\t\t\t\t\t<\/div>\n\t\t\t\t<\/div>\n\t\t\t\t<div class=\"elementor-element elementor-element-9b05b40 elementor-widget elementor-widget-heading\" data-id=\"9b05b40\" data-element_type=\"widget\" data-widget_type=\"heading.default\">\n\t\t\t\t<div class=\"elementor-widget-container\">\n\t\t\t\t\t<h2 class=\"elementor-heading-title elementor-size-default\">Nos Projets internes<\/h2>\t\t\t\t<\/div>\n\t\t\t\t<\/div>\n\t\t\t\t<div class=\"elementor-element elementor-element-9a5e6b5 elementor-arrows-position-inside elementor-pagination-position-outside elementor-widget elementor-widget-image-carousel\" data-id=\"9a5e6b5\" data-element_type=\"widget\" data-settings=\"{&quot;navigation&quot;:&quot;both&quot;,&quot;autoplay&quot;:&quot;yes&quot;,&quot;pause_on_hover&quot;:&quot;yes&quot;,&quot;pause_on_interaction&quot;:&quot;yes&quot;,&quot;autoplay_speed&quot;:5000,&quot;infinite&quot;:&quot;yes&quot;,&quot;speed&quot;:500}\" data-widget_type=\"image-carousel.default\">\n\t\t\t\t<div class=\"elementor-widget-container\">\n\t\t\t\t\t\t\t<div class=\"elementor-image-carousel-wrapper swiper\" role=\"region\" aria-roledescription=\"carousel\" aria-label=\"Carrousel d\u2019images\" dir=\"ltr\">\n\t\t\t<div class=\"elementor-image-carousel swiper-wrapper\" aria-live=\"off\">\n\t\t\t\t\t\t\t\t<div class=\"swiper-slide\" role=\"group\" aria-roledescription=\"slide\" aria-label=\"1 sur 1\"><a data-elementor-open-lightbox=\"yes\" data-elementor-lightbox-slideshow=\"9a5e6b5\" data-elementor-lightbox-title=\"Qr d&#039;ange\" data-elementor-lightbox-description=\"QR d&#039;Ange est un service innovant d\u00e9velopp\u00e9 par Hummingbird Activity, permettant de pr\u00e9server et de partager la m\u00e9moire de nos proches disparus \u00e0 travers un QR code comm\u00e9moratif. En scannant ce QR, les familles et amis acc\u00e8dent \u00e0 une page d\u00e9di\u00e9e retra\u00e7ant l\u2019histoire, les souvenirs et l\u2019h\u00e9ritage du d\u00e9funt. Une fa\u00e7on moderne et \u00e9mouvante d\u2019honorer leur m\u00e9moire et de transmettre leur histoire aux g\u00e9n\u00e9rations futures.\" data-e-action-hash=\"#elementor-action%3Aaction%3Dlightbox%26settings%3DeyJpZCI6MzY2LCJ1cmwiOiJodHRwczpcL1wvaHVtbWluZ2JpcmRhY3Rpdml0eS5jb21cL3dwLWNvbnRlbnRcL3VwbG9hZHNcLzIwMjVcLzAxXC80LnBuZyIsInNsaWRlc2hvdyI6IjlhNWU2YjUifQ%3D%3D\" href=\"https:\/\/qrdange.fr\"><figure class=\"swiper-slide-inner\"><img decoding=\"async\" class=\"swiper-slide-image\" src=\"https:\/\/hummingbirdactivity.com\/wp-content\/uploads\/2025\/01\/4.png\" alt=\"Qr d&#039;ange le site com\u00e9moratif\" \/><figcaption class=\"elementor-image-carousel-caption\">QR d'Ange est un service innovant d\u00e9velopp\u00e9 par Hummingbird Activity, permettant de pr\u00e9server et de partager la m\u00e9moire de nos proches disparus \u00e0 travers un QR code comm\u00e9moratif. En scannant ce QR, les familles et amis acc\u00e8dent \u00e0 une page d\u00e9di\u00e9e retra\u00e7ant l\u2019histoire, les souvenirs et l\u2019h\u00e9ritage du d\u00e9funt. Une fa\u00e7on moderne et \u00e9mouvante d\u2019honorer leur m\u00e9moire et de transmettre leur histoire aux g\u00e9n\u00e9rations futures.<\/figcaption><\/figure><\/a><\/div>\t\t\t<\/div>\n\t\t\t\t\t<\/div>\n\t\t\t\t\t\t<\/div>\n\t\t\t\t<\/div>\n\t\t\t\t\t<\/div>\n\t\t\t\t<\/div>\n\t\t<div class=\"elementor-element elementor-element-21a4729 e-flex e-con-boxed e-con e-parent\" data-id=\"21a4729\" data-element_type=\"container\">\n\t\t\t\t\t<div class=\"e-con-inner\">\n\t\t\t\t\t<\/div>\n\t\t\t\t<\/div>\n\t\t<div class=\"elementor-element elementor-element-c7b9784 elementor-hidden-desktop e-flex e-con-boxed e-con e-parent\" data-id=\"c7b9784\" data-element_type=\"container\">\n\t\t\t\t\t<div class=\"e-con-inner\">\n\t\t\t\t<div class=\"elementor-element elementor-element-4b9f2bf elementor-widget elementor-widget-heading\" data-id=\"4b9f2bf\" data-element_type=\"widget\" data-widget_type=\"heading.default\">\n\t\t\t\t<div class=\"elementor-widget-container\">\n\t\t\t\t\t<h2 class=\"elementor-heading-title elementor-size-default\">Nos r\u00e9ussites<\/h2>\t\t\t\t<\/div>\n\t\t\t\t<\/div>\n\t\t\t\t<div class=\"elementor-element elementor-element-9a12b89 elementor-widget elementor-widget-heading\" data-id=\"9a12b89\" data-element_type=\"widget\" data-widget_type=\"heading.default\">\n\t\t\t\t<div class=\"elementor-widget-container\">\n\t\t\t\t\t<h2 class=\"elementor-heading-title elementor-size-default\">QR d'Ange.fr<\/h2>\t\t\t\t<\/div>\n\t\t\t\t<\/div>\n\t\t\t\t<div class=\"elementor-element elementor-element-7335655 elementor-widget elementor-widget-image\" data-id=\"7335655\" data-element_type=\"widget\" data-widget_type=\"image.default\">\n\t\t\t\t<div class=\"elementor-widget-container\">\n\t\t\t\t\t\t\t\t\t\t\t\t<figure class=\"wp-caption\">\n\t\t\t\t\t\t\t\t\t\t\t<a href=\"https:\/\/qrdange.fr\">\n\t\t\t\t\t\t\t<img loading=\"lazy\" decoding=\"async\" width=\"500\" height=\"500\" src=\"https:\/\/hummingbirdactivity.com\/wp-content\/uploads\/2025\/01\/4.png\" class=\"attachment-large size-large wp-image-366\" alt=\"\" srcset=\"https:\/\/hummingbirdactivity.com\/wp-content\/uploads\/2025\/01\/4.png 500w, https:\/\/hummingbirdactivity.com\/wp-content\/uploads\/2025\/01\/4-300x300.png 300w, https:\/\/hummingbirdactivity.com\/wp-content\/uploads\/2025\/01\/4-150x150.png 150w\" sizes=\"(max-width: 500px) 100vw, 500px\" \/>\t\t\t\t\t\t\t\t<\/a>\n\t\t\t\t\t\t\t\t\t\t\t<figcaption class=\"widget-image-caption wp-caption-text\">Qr d'ange le site com\u00e9moratif<\/figcaption>\n\t\t\t\t\t\t\t\t\t\t<\/figure>\n\t\t\t\t\t\t\t\t\t<\/div>\n\t\t\t\t<\/div>\n\t\t\t\t<div class=\"elementor-element elementor-element-c20563f elementor-widget elementor-widget-text-editor\" data-id=\"c20563f\" data-element_type=\"widget\" data-widget_type=\"text-editor.default\">\n\t\t\t\t<div class=\"elementor-widget-container\">\n\t\t\t\t\t\t\t\t\t<p><strong data-start=\"0\" data-end=\"13\">QR d&rsquo;Ange<\/strong> est un service innovant d\u00e9velopp\u00e9 par <strong data-start=\"52\" data-end=\"76\">Hummingbird Activity<\/strong>, permettant de pr\u00e9server et de partager la m\u00e9moire de nos proches disparus \u00e0 travers un QR code comm\u00e9moratif. En scannant ce QR, les familles et amis acc\u00e8dent \u00e0 une page d\u00e9di\u00e9e retra\u00e7ant l\u2019histoire, les souvenirs et l\u2019h\u00e9ritage du d\u00e9funt. Une fa\u00e7on moderne et \u00e9mouvante d\u2019honorer leur m\u00e9moire et de transmettre leur histoire aux g\u00e9n\u00e9rations futures.<\/p>\t\t\t\t\t\t\t\t<\/div>\n\t\t\t\t<\/div>\n\t\t\t\t\t<\/div>\n\t\t\t\t<\/div>\n\t\t\t\t<\/div>\n\t\t","protected":false},"excerpt":{"rendered":"<p>L&rsquo;agilit\u00e9 pour des projets innovants Hummingbird Activity est le partenaire de confiance des entrepreneurs, ind\u00e9pendants et porteurs de projets digitaux.Nous [&hellip;]<\/p>\n","protected":false},"author":1,"featured_media":0,"parent":0,"menu_order":0,"comment_status":"closed","ping_status":"closed","template":"","meta":{"site-sidebar-layout":"default","site-content-layout":"","ast-site-content-layout":"default","site-content-style":"default","site-sidebar-style":"default","ast-global-header-display":"","ast-banner-title-visibility":"","ast-main-header-display":"","ast-hfb-above-header-display":"","ast-hfb-below-header-display":"","ast-hfb-mobile-header-display":"","site-post-title":"","ast-breadcrumbs-content":"","ast-featured-img":"","footer-sml-layout":"","theme-transparent-header-meta":"","adv-header-id-meta":"","stick-header-meta":"","header-above-stick-meta":"","header-main-stick-meta":"","header-below-stick-meta":"","astra-migrate-meta-layouts":"default","ast-page-background-enabled":"default","ast-page-background-meta":{"desktop":{"background-color":"var(--ast-global-color-4)","background-image":"","background-repeat":"repeat","background-position":"center center","background-size":"auto","background-attachment":"scroll","background-type":"","background-media":"","overlay-type":"","overlay-color":"","overlay-opacity":"","overlay-gradient":""},"tablet":{"background-color":"","background-image":"","background-repeat":"repeat","background-position":"center center","background-size":"auto","background-attachment":"scroll","background-type":"","background-media":"","overlay-type":"","overlay-color":"","overlay-opacity":"","overlay-gradient":""},"mobile":{"background-color":"","background-image":"","background-repeat":"repeat","background-position":"center center","background-size":"auto","background-attachment":"scroll","background-type":"","background-media":"","overlay-type":"","overlay-color":"","overlay-opacity":"","overlay-gradient":""}},"ast-content-background-meta":{"desktop":{"background-color":"var(--ast-global-color-5)","background-image":"","background-repeat":"repeat","background-position":"center center","background-size":"auto","background-attachment":"scroll","background-type":"","background-media":"","overlay-type":"","overlay-color":"","overlay-opacity":"","overlay-gradient":""},"tablet":{"background-color":"var(--ast-global-color-5)","background-image":"","background-repeat":"repeat","background-position":"center center","background-size":"auto","background-attachment":"scroll","background-type":"","background-media":"","overlay-type":"","overlay-color":"","overlay-opacity":"","overlay-gradient":""},"mobile":{"background-color":"var(--ast-global-color-5)","background-image":"","background-repeat":"repeat","background-position":"center center","background-size":"auto","background-attachment":"scroll","background-type":"","background-media":"","overlay-type":"","overlay-color":"","overlay-opacity":"","overlay-gradient":""}},"footnotes":""},"class_list":["post-137","page","type-page","status-publish","hentry"],"_links":{"self":[{"href":"https:\/\/hummingbirdactivity.com\/index.php\/wp-json\/wp\/v2\/pages\/137","targetHints":{"allow":["GET"]}}],"collection":[{"href":"https:\/\/hummingbirdactivity.com\/index.php\/wp-json\/wp\/v2\/pages"}],"about":[{"href":"https:\/\/hummingbirdactivity.com\/index.php\/wp-json\/wp\/v2\/types\/page"}],"author":[{"embeddable":true,"href":"https:\/\/hummingbirdactivity.com\/index.php\/wp-json\/wp\/v2\/users\/1"}],"replies":[{"embeddable":true,"href":"https:\/\/hummingbirdactivity.com\/index.php\/wp-json\/wp\/v2\/comments?post=137"}],"version-history":[{"count":107,"href":"https:\/\/hummingbirdactivity.com\/index.php\/wp-json\/wp\/v2\/pages\/137\/revisions"}],"predecessor-version":[{"id":425,"href":"https:\/\/hummingbirdactivity.com\/index.php\/wp-json\/wp\/v2\/pages\/137\/revisions\/425"}],"wp:attachment":[{"href":"https:\/\/hummingbirdactivity.com\/index.php\/wp-json\/wp\/v2\/media?parent=137"}],"curies":[{"name":"wp","href":"https:\/\/api.w.org\/{rel}","templated":true}]}}