{"id":112,"date":"2024-12-17T23:57:40","date_gmt":"2024-12-17T22:57:40","guid":{"rendered":"https:\/\/hummingbirdactivity.com\/?page_id=112"},"modified":"2025-01-01T14:42:14","modified_gmt":"2025-01-01T13:42:14","slug":"solutions-digitales","status":"publish","type":"page","link":"https:\/\/hummingbirdactivity.com\/index.php\/solutions-digitales\/","title":{"rendered":"Solutions digitales"},"content":{"rendered":"\t\t<div data-elementor-type=\"wp-page\" data-elementor-id=\"112\" class=\"elementor elementor-112\">\n\t\t\t\t<div class=\"elementor-element elementor-element-0d20fa9 e-flex e-con-boxed e-con e-parent\" data-id=\"0d20fa9\" data-element_type=\"container\">\n\t\t\t\t\t<div class=\"e-con-inner\">\n\t\t\t\t<div class=\"elementor-element elementor-element-84dae74 elementor-widget elementor-widget-heading\" data-id=\"84dae74\" data-element_type=\"widget\" data-widget_type=\"heading.default\">\n\t\t\t\t<div class=\"elementor-widget-container\">\n\t\t\t\t\t<h2 class=\"elementor-heading-title elementor-size-default\">Solutions digitales : <br>Donnez vie \u00e0 votre projet en ligne<\/h2>\t\t\t\t<\/div>\n\t\t\t\t<\/div>\n\t\t\t\t\t<\/div>\n\t\t\t\t<\/div>\n\t\t<div class=\"elementor-element elementor-element-c0dd9bc e-flex e-con-boxed e-con e-parent\" data-id=\"c0dd9bc\" data-element_type=\"container\">\n\t\t\t\t\t<div class=\"e-con-inner\">\n\t\t\t\t<div class=\"elementor-element elementor-element-ac74dad elementor-widget elementor-widget-text-editor\" data-id=\"ac74dad\" data-element_type=\"widget\" data-widget_type=\"text-editor.default\">\n\t\t\t\t<div class=\"elementor-widget-container\">\n\t\t\t\t\t\t\t\t\t<p><span style=\"font-weight: 400;\">Que ce soit pour valider une id\u00e9e, lancer un site web ou am\u00e9liorer votre visibilit\u00e9 en ligne, nos solutions digitales sont con\u00e7ues pour r\u00e9pondre \u00e0 vos besoins.<\/span><\/p><p><span style=\"font-weight: 400;\">D\u00e9couvrez nos services complets pour une transformation digitale r\u00e9ussie.<\/span><\/p>\t\t\t\t\t\t\t\t<\/div>\n\t\t\t\t<\/div>\n\t\t\t\t\t<\/div>\n\t\t\t\t<\/div>\n\t\t<div class=\"elementor-element elementor-element-8bfdfca e-grid e-con-boxed e-con e-parent\" data-id=\"8bfdfca\" data-element_type=\"container\">\n\t\t\t\t\t<div class=\"e-con-inner\">\n\t\t<div class=\"elementor-element elementor-element-4d7a0eb e-con-full e-flex e-con e-child\" data-id=\"4d7a0eb\" data-element_type=\"container\">\n\t\t\t\t<div class=\"elementor-element elementor-element-2842bab elementor-widget elementor-widget-heading\" data-id=\"2842bab\" data-element_type=\"widget\" data-widget_type=\"heading.default\">\n\t\t\t\t<div class=\"elementor-widget-container\">\n\t\t\t\t\t<h3 class=\"elementor-heading-title elementor-size-default\">\u00c9tude de faisabilit\u00e9<\/h3>\t\t\t\t<\/div>\n\t\t\t\t<\/div>\n\t\t\t\t<div class=\"elementor-element elementor-element-99d00c2 elementor-widget elementor-widget-image\" data-id=\"99d00c2\" data-element_type=\"widget\" data-widget_type=\"image.default\">\n\t\t\t\t<div class=\"elementor-widget-container\">\n\t\t\t\t\t\t\t\t\t\t\t\t<figure class=\"wp-caption\">\n\t\t\t\t\t\t\t\t\t\t<img fetchpriority=\"high\" decoding=\"async\" width=\"768\" height=\"512\" src=\"https:\/\/hummingbirdactivity.com\/wp-content\/uploads\/2024\/12\/pexels-photo-4050319-4050319-768x512.jpg\" class=\"attachment-medium_large size-medium_large wp-image-174\" alt=\"An aesthetic workspace featuring a laptop, smartphone, and stationery items from a top-down view.\" srcset=\"https:\/\/hummingbirdactivity.com\/wp-content\/uploads\/2024\/12\/pexels-photo-4050319-4050319-768x512.jpg 768w, https:\/\/hummingbirdactivity.com\/wp-content\/uploads\/2024\/12\/pexels-photo-4050319-4050319-300x200.jpg 300w, https:\/\/hummingbirdactivity.com\/wp-content\/uploads\/2024\/12\/pexels-photo-4050319-4050319-1024x683.jpg 1024w, https:\/\/hummingbirdactivity.com\/wp-content\/uploads\/2024\/12\/pexels-photo-4050319-4050319-1536x1024.jpg 1536w, https:\/\/hummingbirdactivity.com\/wp-content\/uploads\/2024\/12\/pexels-photo-4050319-4050319-2048x1365.jpg 2048w\" sizes=\"(max-width: 768px) 100vw, 768px\" \/>\t\t\t\t\t\t\t\t\t\t\t<figcaption class=\"widget-image-caption wp-caption-text\"> Analyse approfondie pour valider la pertinence et les contraintes de votre projet digital.<\/figcaption>\n\t\t\t\t\t\t\t\t\t\t<\/figure>\n\t\t\t\t\t\t\t\t\t<\/div>\n\t\t\t\t<\/div>\n\t\t\t\t<\/div>\n\t\t<div class=\"elementor-element elementor-element-4fc3f59 e-con-full e-flex e-con e-child\" data-id=\"4fc3f59\" data-element_type=\"container\">\n\t\t\t\t<div class=\"elementor-element elementor-element-e15f2ce elementor-widget elementor-widget-heading\" data-id=\"e15f2ce\" data-element_type=\"widget\" data-widget_type=\"heading.default\">\n\t\t\t\t<div class=\"elementor-widget-container\">\n\t\t\t\t\t<h3 class=\"elementor-heading-title elementor-size-default\">Benchmark et \u00e9tude budg\u00e9taire<\/h3>\t\t\t\t<\/div>\n\t\t\t\t<\/div>\n\t\t\t\t<div class=\"elementor-element elementor-element-2eece52 elementor-widget elementor-widget-image\" data-id=\"2eece52\" data-element_type=\"widget\" data-widget_type=\"image.default\">\n\t\t\t\t<div class=\"elementor-widget-container\">\n\t\t\t\t\t\t\t\t\t\t\t\t<figure class=\"wp-caption\">\n\t\t\t\t\t\t\t\t\t\t<img decoding=\"async\" width=\"525\" height=\"350\" src=\"https:\/\/hummingbirdactivity.com\/wp-content\/uploads\/2024\/12\/pexels-photo-7948063-7948063.jpg\" class=\"attachment-large size-large wp-image-175\" alt=\"Flat lay of various business charts and colored pencils on wooden table, highlighting financial analysis.\" srcset=\"https:\/\/hummingbirdactivity.com\/wp-content\/uploads\/2024\/12\/pexels-photo-7948063-7948063.jpg 525w, https:\/\/hummingbirdactivity.com\/wp-content\/uploads\/2024\/12\/pexels-photo-7948063-7948063-300x200.jpg 300w\" sizes=\"(max-width: 525px) 100vw, 525px\" \/>\t\t\t\t\t\t\t\t\t\t\t<figcaption class=\"widget-image-caption wp-caption-text\">Comparaison des meilleures pratiques du march\u00e9 et estimation des co\u00fbts pour un projet optimis\u00e9<\/figcaption>\n\t\t\t\t\t\t\t\t\t\t<\/figure>\n\t\t\t\t\t\t\t\t\t<\/div>\n\t\t\t\t<\/div>\n\t\t\t\t<\/div>\n\t\t<div class=\"elementor-element elementor-element-2bcd642 e-con-full e-flex e-con e-child\" data-id=\"2bcd642\" data-element_type=\"container\">\n\t\t\t\t<div class=\"elementor-element elementor-element-a336a02 elementor-widget elementor-widget-heading\" data-id=\"a336a02\" data-element_type=\"widget\" data-widget_type=\"heading.default\">\n\t\t\t\t<div class=\"elementor-widget-container\">\n\t\t\t\t\t<h3 class=\"elementor-heading-title elementor-size-default\">Cr\u00e9ation de cahiers des charges<\/h3>\t\t\t\t<\/div>\n\t\t\t\t<\/div>\n\t\t\t\t<div class=\"elementor-element elementor-element-116f755 elementor-widget elementor-widget-image\" data-id=\"116f755\" data-element_type=\"widget\" data-widget_type=\"image.default\">\n\t\t\t\t<div class=\"elementor-widget-container\">\n\t\t\t\t\t\t\t\t\t\t\t\t<figure class=\"wp-caption\">\n\t\t\t\t\t\t\t\t\t\t<img decoding=\"async\" width=\"1024\" height=\"682\" src=\"https:\/\/hummingbirdactivity.com\/wp-content\/uploads\/2024\/12\/g71df2f790637f8a62a0ceafbc6f3a3ebbfb861714162a9a2ac089d875a63174f73739e3b5841a0f611f93fa843f16d6325b27d0e042dc3112dfdbeee329b8167_1280-2106924-1024x682.jpg\" class=\"attachment-large size-large wp-image-176\" alt=\"bureaucracy, file folder, paperwork\" srcset=\"https:\/\/hummingbirdactivity.com\/wp-content\/uploads\/2024\/12\/g71df2f790637f8a62a0ceafbc6f3a3ebbfb861714162a9a2ac089d875a63174f73739e3b5841a0f611f93fa843f16d6325b27d0e042dc3112dfdbeee329b8167_1280-2106924-1024x682.jpg 1024w, https:\/\/hummingbirdactivity.com\/wp-content\/uploads\/2024\/12\/g71df2f790637f8a62a0ceafbc6f3a3ebbfb861714162a9a2ac089d875a63174f73739e3b5841a0f611f93fa843f16d6325b27d0e042dc3112dfdbeee329b8167_1280-2106924-300x200.jpg 300w, https:\/\/hummingbirdactivity.com\/wp-content\/uploads\/2024\/12\/g71df2f790637f8a62a0ceafbc6f3a3ebbfb861714162a9a2ac089d875a63174f73739e3b5841a0f611f93fa843f16d6325b27d0e042dc3112dfdbeee329b8167_1280-2106924-768x512.jpg 768w, https:\/\/hummingbirdactivity.com\/wp-content\/uploads\/2024\/12\/g71df2f790637f8a62a0ceafbc6f3a3ebbfb861714162a9a2ac089d875a63174f73739e3b5841a0f611f93fa843f16d6325b27d0e042dc3112dfdbeee329b8167_1280-2106924.jpg 1280w\" sizes=\"(max-width: 1024px) 100vw, 1024px\" \/>\t\t\t\t\t\t\t\t\t\t\t<figcaption class=\"widget-image-caption wp-caption-text\">R\u00e9daction d\u2019un document structur\u00e9 pour garantir une vision claire et partag\u00e9e de votre projet.<\/figcaption>\n\t\t\t\t\t\t\t\t\t\t<\/figure>\n\t\t\t\t\t\t\t\t\t<\/div>\n\t\t\t\t<\/div>\n\t\t\t\t<\/div>\n\t\t<div class=\"elementor-element elementor-element-04caf4c e-con-full e-flex e-con e-child\" data-id=\"04caf4c\" data-element_type=\"container\">\n\t\t\t\t<div class=\"elementor-element elementor-element-226f736 elementor-widget elementor-widget-heading\" data-id=\"226f736\" data-element_type=\"widget\" data-widget_type=\"heading.default\">\n\t\t\t\t<div class=\"elementor-widget-container\">\n\t\t\t\t\t<h3 class=\"elementor-heading-title elementor-size-default\">Cr\u00e9ation de site web<\/h3>\t\t\t\t<\/div>\n\t\t\t\t<\/div>\n\t\t\t\t<div class=\"elementor-element elementor-element-cab2aa4 elementor-widget elementor-widget-image\" data-id=\"cab2aa4\" data-element_type=\"widget\" data-widget_type=\"image.default\">\n\t\t\t\t<div class=\"elementor-widget-container\">\n\t\t\t\t\t\t\t\t\t\t\t\t<figure class=\"wp-caption\">\n\t\t\t\t\t\t\t\t\t\t<img loading=\"lazy\" decoding=\"async\" width=\"1024\" height=\"551\" src=\"https:\/\/hummingbirdactivity.com\/wp-content\/uploads\/2024\/12\/pexels-photo-109371-109371-1024x551.jpg\" class=\"attachment-large size-large wp-image-177\" alt=\"Laptop with open webpage on wooden desk, accompanied by tablet and pen, representing digital work setup.\" srcset=\"https:\/\/hummingbirdactivity.com\/wp-content\/uploads\/2024\/12\/pexels-photo-109371-109371-1024x551.jpg 1024w, https:\/\/hummingbirdactivity.com\/wp-content\/uploads\/2024\/12\/pexels-photo-109371-109371-300x162.jpg 300w, https:\/\/hummingbirdactivity.com\/wp-content\/uploads\/2024\/12\/pexels-photo-109371-109371-768x414.jpg 768w, https:\/\/hummingbirdactivity.com\/wp-content\/uploads\/2024\/12\/pexels-photo-109371-109371-1536x827.jpg 1536w, https:\/\/hummingbirdactivity.com\/wp-content\/uploads\/2024\/12\/pexels-photo-109371-109371-2048x1103.jpg 2048w\" sizes=\"(max-width: 1024px) 100vw, 1024px\" \/>\t\t\t\t\t\t\t\t\t\t\t<figcaption class=\"widget-image-caption wp-caption-text\">Cr\u00e9ation de sites sur mesure r\u00e9pondant \u00e0 vos besoins, avec un design soign\u00e9, des fonctionnalit\u00e9s optimis\u00e9es et des performances \u00e9lev\u00e9es. Notre expert full stack, dipl\u00f4m\u00e9 et qualifi\u00e9, r\u00e9alisent chaque projet avec rigueur et expertise.<\/figcaption>\n\t\t\t\t\t\t\t\t\t\t<\/figure>\n\t\t\t\t\t\t\t\t\t<\/div>\n\t\t\t\t<\/div>\n\t\t\t\t<\/div>\n\t\t<div class=\"elementor-element elementor-element-2f8e7a2 e-con-full e-flex e-con e-child\" data-id=\"2f8e7a2\" data-element_type=\"container\">\n\t\t\t\t<div class=\"elementor-element elementor-element-1e8390d elementor-widget elementor-widget-heading\" data-id=\"1e8390d\" data-element_type=\"widget\" data-widget_type=\"heading.default\">\n\t\t\t\t<div class=\"elementor-widget-container\">\n\t\t\t\t\t<h3 class=\"elementor-heading-title elementor-size-default\">Maintenance et SEO<\/h3>\t\t\t\t<\/div>\n\t\t\t\t<\/div>\n\t\t\t\t<div class=\"elementor-element elementor-element-2a547d3 elementor-widget elementor-widget-image\" data-id=\"2a547d3\" data-element_type=\"widget\" data-widget_type=\"image.default\">\n\t\t\t\t<div class=\"elementor-widget-container\">\n\t\t\t\t\t\t\t\t\t\t\t\t<figure class=\"wp-caption\">\n\t\t\t\t\t\t\t\t\t\t<img loading=\"lazy\" decoding=\"async\" width=\"768\" height=\"433\" src=\"https:\/\/hummingbirdactivity.com\/wp-content\/uploads\/2024\/12\/pexels-photo-185576-185576-768x433.jpg\" class=\"attachment-medium_large size-medium_large wp-image-178\" alt=\"Colored pencils and letters spelling &#039;ANALYTICS&#039; on a textured background with a hand.\" srcset=\"https:\/\/hummingbirdactivity.com\/wp-content\/uploads\/2024\/12\/pexels-photo-185576-185576-768x433.jpg 768w, https:\/\/hummingbirdactivity.com\/wp-content\/uploads\/2024\/12\/pexels-photo-185576-185576-300x169.jpg 300w, https:\/\/hummingbirdactivity.com\/wp-content\/uploads\/2024\/12\/pexels-photo-185576-185576-1024x577.jpg 1024w, https:\/\/hummingbirdactivity.com\/wp-content\/uploads\/2024\/12\/pexels-photo-185576-185576-1536x866.jpg 1536w, https:\/\/hummingbirdactivity.com\/wp-content\/uploads\/2024\/12\/pexels-photo-185576-185576-2048x1155.jpg 2048w\" sizes=\"(max-width: 768px) 100vw, 768px\" \/>\t\t\t\t\t\t\t\t\t\t\t<figcaption class=\"widget-image-caption wp-caption-text\">Garantissez la performance et la visibilit\u00e9 de votre site avec une maintenance r\u00e9guli\u00e8re et une optimisation SEO\/SEA r\u00e9alis\u00e9e par notre expert<\/figcaption>\n\t\t\t\t\t\t\t\t\t\t<\/figure>\n\t\t\t\t\t\t\t\t\t<\/div>\n\t\t\t\t<\/div>\n\t\t\t\t<\/div>\n\t\t<div class=\"elementor-element elementor-element-2d65e14 e-con-full e-flex e-con e-child\" data-id=\"2d65e14\" data-element_type=\"container\">\n\t\t\t\t<div class=\"elementor-element elementor-element-eb1564c elementor-widget elementor-widget-heading\" data-id=\"eb1564c\" data-element_type=\"widget\" data-widget_type=\"heading.default\">\n\t\t\t\t<div class=\"elementor-widget-container\">\n\t\t\t\t\t<h3 class=\"elementor-heading-title elementor-size-default\">Contactez nous<\/h3>\t\t\t\t<\/div>\n\t\t\t\t<\/div>\n\t\t\t\t<div class=\"elementor-element elementor-element-1657d90 elementor-widget elementor-widget-image\" data-id=\"1657d90\" data-element_type=\"widget\" data-widget_type=\"image.default\">\n\t\t\t\t<div class=\"elementor-widget-container\">\n\t\t\t\t\t\t\t\t\t\t\t\t\t\t\t<img loading=\"lazy\" decoding=\"async\" width=\"150\" height=\"150\" src=\"https:\/\/hummingbirdactivity.com\/wp-content\/uploads\/2024\/10\/9-150x150.png\" class=\"attachment-thumbnail size-thumbnail wp-image-17\" alt=\"Identit\u00e9 hummingbird activity\" srcset=\"https:\/\/hummingbirdactivity.com\/wp-content\/uploads\/2024\/10\/9-150x150.png 150w, https:\/\/hummingbirdactivity.com\/wp-content\/uploads\/2024\/10\/9-300x300.png 300w, https:\/\/hummingbirdactivity.com\/wp-content\/uploads\/2024\/10\/9.png 500w\" sizes=\"(max-width: 150px) 100vw, 150px\" \/>\t\t\t\t\t\t\t\t\t\t\t\t\t\t\t<\/div>\n\t\t\t\t<\/div>\n\t\t\t\t<div class=\"elementor-element elementor-element-4ccdf54 elementor-align-center elementor-widget elementor-widget-button\" data-id=\"4ccdf54\" data-element_type=\"widget\" data-widget_type=\"button.default\">\n\t\t\t\t<div class=\"elementor-widget-container\">\n\t\t\t\t\t\t\t\t\t<div class=\"elementor-button-wrapper\">\n\t\t\t\t\t<a class=\"elementor-button elementor-button-link elementor-size-sm\" href=\"https:\/\/hummingbirdactivity.com\/index.php\/elementor-9\/\">\n\t\t\t\t\t\t<span class=\"elementor-button-content-wrapper\">\n\t\t\t\t\t\t\t\t\t<span class=\"elementor-button-text\">contact<\/span>\n\t\t\t\t\t<\/span>\n\t\t\t\t\t<\/a>\n\t\t\t\t<\/div>\n\t\t\t\t\t\t\t\t<\/div>\n\t\t\t\t<\/div>\n\t\t\t\t<\/div>\n\t\t\t\t\t<\/div>\n\t\t\t\t<\/div>\n\t\t<div class=\"elementor-element elementor-element-eec60dc e-flex e-con-boxed e-con e-parent\" data-id=\"eec60dc\" data-element_type=\"container\">\n\t\t\t\t\t<div class=\"e-con-inner\">\n\t\t\t\t<div class=\"elementor-element elementor-element-133af44 elementor-widget-divider--view-line elementor-widget elementor-widget-divider\" data-id=\"133af44\" data-element_type=\"widget\" data-widget_type=\"divider.default\">\n\t\t\t\t<div class=\"elementor-widget-container\">\n\t\t\t\t\t\t\t<div class=\"elementor-divider\">\n\t\t\t<span class=\"elementor-divider-separator\">\n\t\t\t\t\t\t<\/span>\n\t\t<\/div>\n\t\t\t\t\t\t<\/div>\n\t\t\t\t<\/div>\n\t\t\t\t\t<\/div>\n\t\t\t\t<\/div>\n\t\t<div class=\"elementor-element elementor-element-7a4164b e-flex e-con-boxed e-con e-parent\" data-id=\"7a4164b\" data-element_type=\"container\">\n\t\t\t\t\t<div class=\"e-con-inner\">\n\t\t\t\t\t<\/div>\n\t\t\t\t<\/div>\n\t\t\t\t<\/div>\n\t\t","protected":false},"excerpt":{"rendered":"<p>Solutions digitales : Donnez vie \u00e0 votre projet en ligne Que ce soit pour valider une id\u00e9e, lancer un site [&hellip;]<\/p>\n","protected":false},"author":1,"featured_media":0,"parent":0,"menu_order":0,"comment_status":"closed","ping_status":"closed","template":"","meta":{"site-sidebar-layout":"no-sidebar","site-content-layout":"","ast-site-content-layout":"full-width-container","site-content-style":"default","site-sidebar-style":"default","ast-global-header-display":"","ast-banner-title-visibility":"","ast-main-header-display":"","ast-hfb-above-header-display":"","ast-hfb-below-header-display":"","ast-hfb-mobile-header-display":"","site-post-title":"disabled","ast-breadcrumbs-content":"","ast-featured-img":"disabled","footer-sml-layout":"","theme-transparent-header-meta":"","adv-header-id-meta":"","stick-header-meta":"","header-above-stick-meta":"","header-main-stick-meta":"","header-below-stick-meta":"","astra-migrate-meta-layouts":"default","ast-page-background-enabled":"default","ast-page-background-meta":{"desktop":{"background-color":"var(--ast-global-color-4)","background-image":"","background-repeat":"repeat","background-position":"center center","background-size":"auto","background-attachment":"scroll","background-type":"","background-media":"","overlay-type":"","overlay-color":"","overlay-opacity":"","overlay-gradient":""},"tablet":{"background-color":"","background-image":"","background-repeat":"repeat","background-position":"center center","background-size":"auto","background-attachment":"scroll","background-type":"","background-media":"","overlay-type":"","overlay-color":"","overlay-opacity":"","overlay-gradient":""},"mobile":{"background-color":"","background-image":"","background-repeat":"repeat","background-position":"center center","background-size":"auto","background-attachment":"scroll","background-type":"","background-media":"","overlay-type":"","overlay-color":"","overlay-opacity":"","overlay-gradient":""}},"ast-content-background-meta":{"desktop":{"background-color":"var(--ast-global-color-5)","background-image":"","background-repeat":"repeat","background-position":"center center","background-size":"auto","background-attachment":"scroll","background-type":"","background-media":"","overlay-type":"","overlay-color":"","overlay-opacity":"","overlay-gradient":""},"tablet":{"background-color":"var(--ast-global-color-5)","background-image":"","background-repeat":"repeat","background-position":"center center","background-size":"auto","background-attachment":"scroll","background-type":"","background-media":"","overlay-type":"","overlay-color":"","overlay-opacity":"","overlay-gradient":""},"mobile":{"background-color":"var(--ast-global-color-5)","background-image":"","background-repeat":"repeat","background-position":"center center","background-size":"auto","background-attachment":"scroll","background-type":"","background-media":"","overlay-type":"","overlay-color":"","overlay-opacity":"","overlay-gradient":""}},"footnotes":""},"class_list":["post-112","page","type-page","status-publish","hentry"],"_links":{"self":[{"href":"https:\/\/hummingbirdactivity.com\/index.php\/wp-json\/wp\/v2\/pages\/112","targetHints":{"allow":["GET"]}}],"collection":[{"href":"https:\/\/hummingbirdactivity.com\/index.php\/wp-json\/wp\/v2\/pages"}],"about":[{"href":"https:\/\/hummingbirdactivity.com\/index.php\/wp-json\/wp\/v2\/types\/page"}],"author":[{"embeddable":true,"href":"https:\/\/hummingbirdactivity.com\/index.php\/wp-json\/wp\/v2\/users\/1"}],"replies":[{"embeddable":true,"href":"https:\/\/hummingbirdactivity.com\/index.php\/wp-json\/wp\/v2\/comments?post=112"}],"version-history":[{"count":16,"href":"https:\/\/hummingbirdactivity.com\/index.php\/wp-json\/wp\/v2\/pages\/112\/revisions"}],"predecessor-version":[{"id":365,"href":"https:\/\/hummingbirdactivity.com\/index.php\/wp-json\/wp\/v2\/pages\/112\/revisions\/365"}],"wp:attachment":[{"href":"https:\/\/hummingbirdactivity.com\/index.php\/wp-json\/wp\/v2\/media?parent=112"}],"curies":[{"name":"wp","href":"https:\/\/api.w.org\/{rel}","templated":true}]}}