{"id":110,"date":"2024-12-24T20:27:26","date_gmt":"2024-12-24T19:27:26","guid":{"rendered":"https:\/\/hummingbirdactivity.com\/?page_id=110"},"modified":"2026-01-12T01:18:04","modified_gmt":"2026-01-12T00:18:04","slug":"etude-de-projets","status":"publish","type":"page","link":"https:\/\/hummingbirdactivity.com\/index.php\/etude-de-projets\/","title":{"rendered":"\u00c9tude de projets"},"content":{"rendered":"\t\t<div data-elementor-type=\"wp-page\" data-elementor-id=\"110\" class=\"elementor elementor-110\">\n\t\t\t\t<div class=\"elementor-element elementor-element-36fd0ff e-flex e-con-boxed e-con e-parent\" data-id=\"36fd0ff\" data-element_type=\"container\">\n\t\t\t\t\t<div class=\"e-con-inner\">\n\t\t\t\t<div class=\"elementor-element elementor-element-a87b4ed elementor-widget elementor-widget-heading\" data-id=\"a87b4ed\" data-element_type=\"widget\" data-widget_type=\"heading.default\">\n\t\t\t\t<div class=\"elementor-widget-container\">\n\t\t\t\t\t<h1 class=\"elementor-heading-title elementor-size-default\"> Transformez vos id\u00e9es en r\u00e9alit\u00e9<\/h1>\t\t\t\t<\/div>\n\t\t\t\t<\/div>\n\t\t\t\t\t<\/div>\n\t\t\t\t<\/div>\n\t\t<div class=\"elementor-element elementor-element-31c221a e-flex e-con-boxed e-con e-parent\" data-id=\"31c221a\" data-element_type=\"container\">\n\t\t\t\t\t<div class=\"e-con-inner\">\n\t\t\t\t<div class=\"elementor-element elementor-element-6fa8998 elementor-widget elementor-widget-text-editor\" data-id=\"6fa8998\" data-element_type=\"widget\" data-widget_type=\"text-editor.default\">\n\t\t\t\t<div class=\"elementor-widget-container\">\n\t\t\t\t\t\t\t\t\t<h2><strong data-start=\"1147\" data-end=\"1253\">Hummingbird Activity est sp\u00e9cialis\u00e9 dans la cr\u00e9ation de sites internet et de projets digitaux.<\/strong><br data-start=\"1253\" data-end=\"1256\" \/>Nous accompagnons les porteurs de projets dans la structuration et la mise en ligne de solutions digitales claires, modernes et \u00e9volutives.<\/h2>\t\t\t\t\t\t\t\t<\/div>\n\t\t\t\t<\/div>\n\t\t\t\t\t<\/div>\n\t\t\t\t<\/div>\n\t\t<div class=\"elementor-element elementor-element-61fbc87 e-flex e-con-boxed e-con e-parent\" data-id=\"61fbc87\" data-element_type=\"container\">\n\t\t\t\t\t<div class=\"e-con-inner\">\n\t\t\t\t<div class=\"elementor-element elementor-element-eb5cd5d elementor-widget elementor-widget-image\" data-id=\"eb5cd5d\" data-element_type=\"widget\" data-widget_type=\"image.default\">\n\t\t\t\t<div class=\"elementor-widget-container\">\n\t\t\t\t\t\t\t\t\t\t\t\t\t\t\t<img fetchpriority=\"high\" decoding=\"async\" width=\"1024\" height=\"535\" src=\"https:\/\/hummingbirdactivity.com\/wp-content\/uploads\/2024\/12\/pexels-photo-3183153-3183153-1024x535.jpg\" class=\"attachment-large size-large wp-image-278\" alt=\"Team members analyze charts during a business meeting with laptops and smartphones.\" srcset=\"https:\/\/hummingbirdactivity.com\/wp-content\/uploads\/2024\/12\/pexels-photo-3183153-3183153-1024x535.jpg 1024w, https:\/\/hummingbirdactivity.com\/wp-content\/uploads\/2024\/12\/pexels-photo-3183153-3183153-300x157.jpg 300w, https:\/\/hummingbirdactivity.com\/wp-content\/uploads\/2024\/12\/pexels-photo-3183153-3183153-768x401.jpg 768w, https:\/\/hummingbirdactivity.com\/wp-content\/uploads\/2024\/12\/pexels-photo-3183153-3183153.jpg 1200w\" sizes=\"(max-width: 1024px) 100vw, 1024px\" \/>\t\t\t\t\t\t\t\t\t\t\t\t\t\t\t<\/div>\n\t\t\t\t<\/div>\n\t\t\t\t<div class=\"elementor-element elementor-element-84ac844 e-transform elementor-invisible elementor-widget elementor-widget-text-editor\" data-id=\"84ac844\" data-element_type=\"widget\" data-settings=\"{&quot;_animation&quot;:&quot;bounceInUp&quot;,&quot;_transform_translateY_effect&quot;:{&quot;unit&quot;:&quot;px&quot;,&quot;size&quot;:0,&quot;sizes&quot;:[]},&quot;_transform_translateX_effect&quot;:{&quot;unit&quot;:&quot;px&quot;,&quot;size&quot;:&quot;&quot;,&quot;sizes&quot;:[]},&quot;_transform_translateX_effect_tablet&quot;:{&quot;unit&quot;:&quot;px&quot;,&quot;size&quot;:&quot;&quot;,&quot;sizes&quot;:[]},&quot;_transform_translateX_effect_mobile&quot;:{&quot;unit&quot;:&quot;px&quot;,&quot;size&quot;:&quot;&quot;,&quot;sizes&quot;:[]},&quot;_transform_translateY_effect_tablet&quot;:{&quot;unit&quot;:&quot;px&quot;,&quot;size&quot;:&quot;&quot;,&quot;sizes&quot;:[]},&quot;_transform_translateY_effect_mobile&quot;:{&quot;unit&quot;:&quot;px&quot;,&quot;size&quot;:&quot;&quot;,&quot;sizes&quot;:[]}}\" data-widget_type=\"text-editor.default\">\n\t\t\t\t<div class=\"elementor-widget-container\">\n\t\t\t\t\t\t\t\t\t<p><b>1 &#8211; Analyse de faisabilit\u00e9<\/b><\/p><ul><li style=\"font-weight: 400;\" aria-level=\"1\"><span style=\"font-weight: 400;\">\u00c9valuez la pertinence et les contraintes de votre projet digital pour garantir sa viabilit\u00e9.<\/span><\/li><\/ul><p><b>2 &#8211; Optimisation de la rentabilit\u00e9<\/b><\/p><ul><li style=\"font-weight: 400;\" aria-level=\"1\"><span style=\"font-weight: 400;\">Explorez des alternatives strat\u00e9giques pour rendre votre projet plus rentable et efficace.<\/span><\/li><\/ul><p><b>3 &#8211; Cr\u00e9ation de solutions personnalis\u00e9es<\/b><\/p><ul><li style=\"font-weight: 400;\" aria-level=\"1\"><span style=\"font-weight: 400;\">Concevez des outils, produits ou services sur mesure pour r\u00e9pondre pr\u00e9cis\u00e9ment \u00e0 vos besoins.<\/span><\/li><\/ul><p><b>4 &#8211; Accompagnement op\u00e9rationnel<\/b><\/p><ul><li style=\"font-weight: 400;\" aria-level=\"1\"><span style=\"font-weight: 400;\">B\u00e9n\u00e9ficiez d\u2019un suivi pr\u00e9cis et d\u2019une gestion efficace de chaque \u00e9tape de votre projet.<\/span><\/li><\/ul><p><b>5 &#8211; Optimisation de pr\u00e9sence en ligne<\/b><\/p><ul><li style=\"font-weight: 400;\" aria-level=\"1\"><span style=\"font-weight: 400;\">Renforcez votre visibilit\u00e9 sur le web gr\u00e2ce au\u00a0r\u00e9f\u00e9rencement naturel (SEO).<\/span><\/li><\/ul>\t\t\t\t\t\t\t\t<\/div>\n\t\t\t\t<\/div>\n\t\t\t\t\t<\/div>\n\t\t\t\t<\/div>\n\t\t<div class=\"elementor-element elementor-element-da76f34 e-flex e-con-boxed e-con e-parent\" data-id=\"da76f34\" data-element_type=\"container\">\n\t\t\t\t\t<div class=\"e-con-inner\">\n\t\t\t\t<div class=\"elementor-element elementor-element-169feab elementor-align-center elementor-widget elementor-widget-button\" data-id=\"169feab\" data-element_type=\"widget\" data-widget_type=\"button.default\">\n\t\t\t\t<div class=\"elementor-widget-container\">\n\t\t\t\t\t\t\t\t\t<div class=\"elementor-button-wrapper\">\n\t\t\t\t\t<a class=\"elementor-button elementor-button-link elementor-size-sm elementor-animation-shrink\" href=\"https:\/\/hummingbirdactivity.com\/index.php\/elementor-9\/\">\n\t\t\t\t\t\t<span class=\"elementor-button-content-wrapper\">\n\t\t\t\t\t\t\t\t\t<span class=\"elementor-button-text\">contact<\/span>\n\t\t\t\t\t<\/span>\n\t\t\t\t\t<\/a>\n\t\t\t\t<\/div>\n\t\t\t\t\t\t\t\t<\/div>\n\t\t\t\t<\/div>\n\t\t\t\t\t<\/div>\n\t\t\t\t<\/div>\n\t\t\t\t<\/div>\n\t\t","protected":false},"excerpt":{"rendered":"<p>Transformez vos id\u00e9es en r\u00e9alit\u00e9 Hummingbird Activity est sp\u00e9cialis\u00e9 dans la cr\u00e9ation de sites internet et de projets digitaux.Nous accompagnons [&hellip;]<\/p>\n","protected":false},"author":1,"featured_media":0,"parent":0,"menu_order":0,"comment_status":"closed","ping_status":"closed","template":"","meta":{"site-sidebar-layout":"no-sidebar","site-content-layout":"","ast-site-content-layout":"full-width-container","site-content-style":"default","site-sidebar-style":"default","ast-global-header-display":"","ast-banner-title-visibility":"","ast-main-header-display":"","ast-hfb-above-header-display":"","ast-hfb-below-header-display":"","ast-hfb-mobile-header-display":"","site-post-title":"","ast-breadcrumbs-content":"","ast-featured-img":"disabled","footer-sml-layout":"","theme-transparent-header-meta":"","adv-header-id-meta":"","stick-header-meta":"","header-above-stick-meta":"","header-main-stick-meta":"","header-below-stick-meta":"","astra-migrate-meta-layouts":"default","ast-page-background-enabled":"default","ast-page-background-meta":{"desktop":{"background-color":"var(--ast-global-color-4)","background-image":"","background-repeat":"repeat","background-position":"center center","background-size":"auto","background-attachment":"scroll","background-type":"","background-media":"","overlay-type":"","overlay-color":"","overlay-opacity":"","overlay-gradient":""},"tablet":{"background-color":"","background-image":"","background-repeat":"repeat","background-position":"center center","background-size":"auto","background-attachment":"scroll","background-type":"","background-media":"","overlay-type":"","overlay-color":"","overlay-opacity":"","overlay-gradient":""},"mobile":{"background-color":"","background-image":"","background-repeat":"repeat","background-position":"center center","background-size":"auto","background-attachment":"scroll","background-type":"","background-media":"","overlay-type":"","overlay-color":"","overlay-opacity":"","overlay-gradient":""}},"ast-content-background-meta":{"desktop":{"background-color":"var(--ast-global-color-5)","background-image":"","background-repeat":"repeat","background-position":"center center","background-size":"auto","background-attachment":"scroll","background-type":"","background-media":"","overlay-type":"","overlay-color":"","overlay-opacity":"","overlay-gradient":""},"tablet":{"background-color":"var(--ast-global-color-5)","background-image":"","background-repeat":"repeat","background-position":"center center","background-size":"auto","background-attachment":"scroll","background-type":"","background-media":"","overlay-type":"","overlay-color":"","overlay-opacity":"","overlay-gradient":""},"mobile":{"background-color":"var(--ast-global-color-5)","background-image":"","background-repeat":"repeat","background-position":"center center","background-size":"auto","background-attachment":"scroll","background-type":"","background-media":"","overlay-type":"","overlay-color":"","overlay-opacity":"","overlay-gradient":""}},"footnotes":""},"class_list":["post-110","page","type-page","status-publish","hentry"],"_links":{"self":[{"href":"https:\/\/hummingbirdactivity.com\/index.php\/wp-json\/wp\/v2\/pages\/110","targetHints":{"allow":["GET"]}}],"collection":[{"href":"https:\/\/hummingbirdactivity.com\/index.php\/wp-json\/wp\/v2\/pages"}],"about":[{"href":"https:\/\/hummingbirdactivity.com\/index.php\/wp-json\/wp\/v2\/types\/page"}],"author":[{"embeddable":true,"href":"https:\/\/hummingbirdactivity.com\/index.php\/wp-json\/wp\/v2\/users\/1"}],"replies":[{"embeddable":true,"href":"https:\/\/hummingbirdactivity.com\/index.php\/wp-json\/wp\/v2\/comments?post=110"}],"version-history":[{"count":44,"href":"https:\/\/hummingbirdactivity.com\/index.php\/wp-json\/wp\/v2\/pages\/110\/revisions"}],"predecessor-version":[{"id":429,"href":"https:\/\/hummingbirdactivity.com\/index.php\/wp-json\/wp\/v2\/pages\/110\/revisions\/429"}],"wp:attachment":[{"href":"https:\/\/hummingbirdactivity.com\/index.php\/wp-json\/wp\/v2\/media?parent=110"}],"curies":[{"name":"wp","href":"https:\/\/api.w.org\/{rel}","templated":true}]}}